{"id":293,"date":"2022-06-20T21:59:31","date_gmt":"2022-06-21T02:59:31","guid":{"rendered":"https:\/\/trujillolanguageservices.com\/?page_id=293"},"modified":"2022-06-20T22:24:58","modified_gmt":"2022-06-21T03:24:58","slug":"293-2","status":"publish","type":"page","link":"https:\/\/trujillolanguageservices.com\/?page_id=293","title":{"rendered":"Or\u00e7amento para tradu\u00e7\u00f5es certificadas"},"content":{"rendered":"<ul>\n<li>Se voc\u00ea estiver com um prazo apertado, entre em contato comigo pelo e-mail <a href=\"mailto:jm@trujillolanguageservices.com\">jm@trujillolanguageservices.com<\/a> para ter certeza de que eu estou dispon\u00edvel antes de enviar seus documentos e informa\u00e7\u00f5es.<\/li>\n<li>Para receber um or\u00e7amento, envie uma c\u00f3pia digitalizada de seus documentos por e-mail. No corpo do seu e-mail, inclua seu nome e n\u00famero de telefone, o endere\u00e7o para o qual voc\u00ea gostaria que as tradu\u00e7\u00f5es fossem enviadas e quaisquer outras instru\u00e7\u00f5es necess\u00e1rias.<\/li>\n<li>Eu responderei a voc\u00ea informando o prazo de entrega do seu pedido e o or\u00e7amento. Os or\u00e7amentos s\u00e3o gratuitos e n\u00e3o vinculantes. Para tradu\u00e7\u00f5es de tr\u00eas ou menos p\u00e1ginas, o prazo de entrega costuma ser de dois dias \u00fateis.<\/li>\n<li>Para documentos padr\u00e3o, como certid\u00f5es de nascimento, casamento e \u00f3bito, eu cobro uma taxa fixa de 75 d\u00f3lares por p\u00e1gina. Esta tarifa inclui uma declara\u00e7\u00e3o juramentada com o meu selo de certifica\u00e7\u00e3o da ATA.<\/li>\n<li>O pagamento \u00e9 antecipado, por PayPal ou cheque. O PayPal permite que voc\u00ea pague com cart\u00e3o de cr\u00e9dito, transfer\u00eancia banc\u00e1ria ou saldo do PayPal. Se voc\u00ea pagar com cheque, o tempo de retorno come\u00e7ar\u00e1 quando eu receber seu cheque.<\/li>\n<li>Minha taxa inclui o envio de suas tradu\u00e7\u00f5es e a declara\u00e7\u00e3o juramentada por correspond\u00eancia postal. Se voc\u00ea precisar de suas tradu\u00e7\u00f5es mais r\u00e1pido, posso envi\u00e1-las por FedEx, Priority Mail ou um servi\u00e7o semelhante e cobrar pelo custo.<\/li>\n<li>Se necess\u00e1rio, tamb\u00e9m posso enviar suas tradu\u00e7\u00f5es para terceiros, como um servi\u00e7o de avalia\u00e7\u00e3o de credenciais internacionais, um departamento de admiss\u00e3o em faculdades ou universidades, etc.<\/li>\n<li>Observa\u00e7\u00e3o: n\u00e3o posso fornecer equival\u00eancia dos EUA em rela\u00e7\u00e3o a\u00a0 notas, t\u00edtulos ou credenciais da Am\u00e9rica Latina ou Europa. Voc\u00ea precisar\u00e1 entrar em contato com uma empresa de avalia\u00e7\u00e3o de credenciais para esse servi\u00e7o.<\/li>\n<\/ul>\n","protected":false},"excerpt":{"rendered":"<p>Se voc\u00ea estiver com um prazo apertado, entre em contato comigo pelo e-mail jm@trujillolanguageservices.com para ter certeza de que eu estou dispon\u00edvel antes de enviar seus documentos e informa\u00e7\u00f5es. Para receber um or\u00e7amento, envie uma c\u00f3pia digitalizada de seus documentos por e-mail. No corpo do seu e-mail, inclua seu nome e n\u00famero de telefone, o [&hellip;]<\/p>\n","protected":false},"author":1,"featured_media":0,"parent":26,"menu_order":2,"comment_status":"closed","ping_status":"closed","template":"","meta":[],"_links":{"self":[{"href":"https:\/\/trujillolanguageservices.com\/index.php?rest_route=\/wp\/v2\/pages\/293"}],"collection":[{"href":"https:\/\/trujillolanguageservices.com\/index.php?rest_route=\/wp\/v2\/pages"}],"about":[{"href":"https:\/\/trujillolanguageservices.com\/index.php?rest_route=\/wp\/v2\/types\/page"}],"author":[{"embeddable":true,"href":"https:\/\/trujillolanguageservices.com\/index.php?rest_route=\/wp\/v2\/users\/1"}],"replies":[{"embeddable":true,"href":"https:\/\/trujillolanguageservices.com\/index.php?rest_route=%2Fwp%2Fv2%2Fcomments&post=293"}],"version-history":[{"count":2,"href":"https:\/\/trujillolanguageservices.com\/index.php?rest_route=\/wp\/v2\/pages\/293\/revisions"}],"predecessor-version":[{"id":319,"href":"https:\/\/trujillolanguageservices.com\/index.php?rest_route=\/wp\/v2\/pages\/293\/revisions\/319"}],"up":[{"embeddable":true,"href":"https:\/\/trujillolanguageservices.com\/index.php?rest_route=\/wp\/v2\/pages\/26"}],"wp:attachment":[{"href":"https:\/\/trujillolanguageservices.com\/index.php?rest_route=%2Fwp%2Fv2%2Fmedia&parent=293"}],"curies":[{"name":"wp","href":"https:\/\/api.w.org\/{rel}","templated":true}]}}