{"id":26,"date":"2012-12-05T00:18:05","date_gmt":"2012-12-05T06:18:05","guid":{"rendered":"http:\/\/trujillolanguageservices.com\/?page_id=26"},"modified":"2022-06-20T22:23:46","modified_gmt":"2022-06-21T03:23:46","slug":"translation","status":"publish","type":"page","link":"https:\/\/trujillolanguageservices.com\/?page_id=26","title":{"rendered":"Certified Translation"},"content":{"rendered":"<p>We specialize in professional translation of official documents in Portuguese and Spanish: births, adoptions, marriages, deaths, divorces, transcripts, degrees, agreements, and more. Each translation is completed by an American Translators Association-Certified Translator (CT) and accompanied by a notarized and ATA-sealed statement of certification.<\/p>\n<div class=\"entry-content\">\n<p>Nos especializamos en traducciones profesionales de documentos oficiales en idioma espa\u00f1ol: actas de nacimiento, matrimonio, defunci\u00f3n, divorcios, certificados de estudios, diplomas, convenios y mucho m\u00e1s. Todas las traducciones las realiza un traductor certificado por la Asociaci\u00f3n de Traductores de Estados Unidos (ATA, en ingl\u00e9s) e incluyen una declaraci\u00f3n certificatoria notariada con el sello de ATA.<\/p>\n<p>Somos especializados em tradu\u00e7\u00e3o profissional de documentos oficiais em portugu\u00eas: certid\u00f5es de nascimento, ado\u00e7\u00e3o, casamento, \u00f3bito e div\u00f3rcio, hist\u00f3ricos escolares, diplomas, contratos e outros. Cada tradu\u00e7\u00e3o \u00e9 realizada por um tradutor certificado (CT) pela American Translators Association (ATA) e acompanhada por uma declara\u00e7\u00e3o juramentada com o selo da ATA.<\/p>\n<\/div>\n<p>&nbsp;<\/p>\n","protected":false},"excerpt":{"rendered":"<p>We specialize in professional translation of official documents in Portuguese and Spanish: births, adoptions, marriages, deaths, divorces, transcripts, degrees, agreements, and more. Each translation is completed by an American Translators Association-Certified Translator (CT) and accompanied by a notarized and ATA-sealed statement of certification. Nos especializamos en traducciones profesionales de documentos oficiales en idioma espa\u00f1ol: actas [&hellip;]<\/p>\n","protected":false},"author":1,"featured_media":0,"parent":0,"menu_order":1,"comment_status":"open","ping_status":"closed","template":"page-templates\/front-page.php","meta":[],"_links":{"self":[{"href":"https:\/\/trujillolanguageservices.com\/index.php?rest_route=\/wp\/v2\/pages\/26"}],"collection":[{"href":"https:\/\/trujillolanguageservices.com\/index.php?rest_route=\/wp\/v2\/pages"}],"about":[{"href":"https:\/\/trujillolanguageservices.com\/index.php?rest_route=\/wp\/v2\/types\/page"}],"author":[{"embeddable":true,"href":"https:\/\/trujillolanguageservices.com\/index.php?rest_route=\/wp\/v2\/users\/1"}],"replies":[{"embeddable":true,"href":"https:\/\/trujillolanguageservices.com\/index.php?rest_route=%2Fwp%2Fv2%2Fcomments&post=26"}],"version-history":[{"count":17,"href":"https:\/\/trujillolanguageservices.com\/index.php?rest_route=\/wp\/v2\/pages\/26\/revisions"}],"predecessor-version":[{"id":320,"href":"https:\/\/trujillolanguageservices.com\/index.php?rest_route=\/wp\/v2\/pages\/26\/revisions\/320"}],"wp:attachment":[{"href":"https:\/\/trujillolanguageservices.com\/index.php?rest_route=%2Fwp%2Fv2%2Fmedia&parent=26"}],"curies":[{"name":"wp","href":"https:\/\/api.w.org\/{rel}","templated":true}]}}