{"id":227,"date":"2017-07-11T19:00:55","date_gmt":"2017-07-12T00:00:55","guid":{"rendered":"http:\/\/trujillolanguageservices.com\/?page_id=227"},"modified":"2022-06-20T22:25:27","modified_gmt":"2022-06-21T03:25:27","slug":"cotizacion-de-traducciones-certificadas","status":"publish","type":"page","link":"https:\/\/trujillolanguageservices.com\/?page_id=227","title":{"rendered":"Cotizaci\u00f3n de traducciones certificadas"},"content":{"rendered":"<ul>\n<li>Si necesita una traducci\u00f3n de manera inmediata, por favor comun\u00edquese conmigo a <a href=\"mailto:jm@trujillolanguageservices.com\">jm@trujillolanguageservices.com<\/a> para asegurarse que estoy disponible antes de enviar sus documentos e informaci\u00f3n.<\/li>\n<li>Para una cotizaci\u00f3n, env\u00ede por correo electr\u00f3nico una copia escaneada de sus documentos. En el correo electr\u00f3nico, por favor incluya su nombre y n\u00famero de tel\u00e9fono, la direcci\u00f3n a la que querr\u00eda que le env\u00ede la traducci\u00f3n y cualquier otra instrucci\u00f3n detallada.<\/li>\n<li>Le responder\u00e9 con una cotizaci\u00f3n exacta y la fecha de entrega. Las cotizaciones son gratis y no vinculantes. Para traducciones de tres o menos p\u00e1ginas, el plazo de entrega es generalmente de dos d\u00edas h\u00e1biles.<\/li>\n<li>Para documentos est\u00e1ndares, tales como actas de nacimiento, matrimonio y defunci\u00f3n, cobro una tarifa fija de $75 por p\u00e1gina. Esta tarifa incluye la certificaci\u00f3n de la traducci\u00f3n con el sello de traductor certificado de la Asociaci\u00f3n de Traductores de Estados Unidos (ATA, en ingl\u00e9s).<\/li>\n<li>Los pagos deben realizarse por adelantado a trav\u00e9s de PayPal o con cheque. PayPal le permite pagar con tarjeta de cr\u00e9dito, transferencia de cuenta bancaria o saldo de PayPal. Si paga con cheque, el plazo de entrega comienza cuando <strong><em>recibo<\/em><\/strong> su cheque.<\/li>\n<li>Mi tarifa incluye el costo del env\u00edo por correo postal de la traducci\u00f3n y la certificaci\u00f3n notariada. Si necesita una traducci\u00f3n m\u00e1s r\u00e1pido, puedo envi\u00e1rsela por FedEx, Priority Mail u otro servicio similar y le cobrar\u00e9 a usted el costo del mismo.<\/li>\n<li>Si es necesario, tambi\u00e9n puedo enviarle sus traducciones a una tercera parte, como ser un servicio internacional de evaluaci\u00f3n de credenciales, la oficina de admisiones de una universidad o escuela de ense\u00f1anza superior, etc.<\/li>\n<li><strong>Por favor tome nota:<\/strong> no puedo darle el equivalente de las calificaciones, diplomas o credenciales que ha obtenido en Am\u00e9rica Latina o Europa. Para ese servicio necesitar\u00e1 contactar a una compa\u00f1\u00eda de evaluaci\u00f3n de credenciales.<\/li>\n<\/ul>\n","protected":false},"excerpt":{"rendered":"<p>Si necesita una traducci\u00f3n de manera inmediata, por favor comun\u00edquese conmigo a jm@trujillolanguageservices.com para asegurarse que estoy disponible antes de enviar sus documentos e informaci\u00f3n. Para una cotizaci\u00f3n, env\u00ede por correo electr\u00f3nico una copia escaneada de sus documentos. En el correo electr\u00f3nico, por favor incluya su nombre y n\u00famero de tel\u00e9fono, la direcci\u00f3n a la [&hellip;]<\/p>\n","protected":false},"author":1,"featured_media":0,"parent":26,"menu_order":2,"comment_status":"closed","ping_status":"closed","template":"","meta":[],"_links":{"self":[{"href":"https:\/\/trujillolanguageservices.com\/index.php?rest_route=\/wp\/v2\/pages\/227"}],"collection":[{"href":"https:\/\/trujillolanguageservices.com\/index.php?rest_route=\/wp\/v2\/pages"}],"about":[{"href":"https:\/\/trujillolanguageservices.com\/index.php?rest_route=\/wp\/v2\/types\/page"}],"author":[{"embeddable":true,"href":"https:\/\/trujillolanguageservices.com\/index.php?rest_route=\/wp\/v2\/users\/1"}],"replies":[{"embeddable":true,"href":"https:\/\/trujillolanguageservices.com\/index.php?rest_route=%2Fwp%2Fv2%2Fcomments&post=227"}],"version-history":[{"count":5,"href":"https:\/\/trujillolanguageservices.com\/index.php?rest_route=\/wp\/v2\/pages\/227\/revisions"}],"predecessor-version":[{"id":289,"href":"https:\/\/trujillolanguageservices.com\/index.php?rest_route=\/wp\/v2\/pages\/227\/revisions\/289"}],"up":[{"embeddable":true,"href":"https:\/\/trujillolanguageservices.com\/index.php?rest_route=\/wp\/v2\/pages\/26"}],"wp:attachment":[{"href":"https:\/\/trujillolanguageservices.com\/index.php?rest_route=%2Fwp%2Fv2%2Fmedia&parent=227"}],"curies":[{"name":"wp","href":"https:\/\/api.w.org\/{rel}","templated":true}]}}